{"id":3,"date":"2020-10-15T10:20:30","date_gmt":"2020-10-15T10:20:30","guid":{"rendered":"http:\/\/vivocoliving.com\/?page_id=3"},"modified":"2021-04-13T20:27:37","modified_gmt":"2021-04-13T20:27:37","slug":"privacy-policy","status":"publish","type":"page","link":"https:\/\/vivocoliving.com\/en\/privacy-policy\/","title":{"rendered":"Privacy Policy"},"content":{"rendered":"<p>[et_pb_section fb_built=\u00bb1&#8243; admin_label=\u00bbGreat Coffee\u00bb _builder_version=\u00bb4.6.6&#8243; background_color=\u00bb#e2d4c0&#8243; use_background_color_gradient=\u00bbon\u00bb background_color_gradient_start=\u00bbrgba(0,0,0,0.29)\u00bb background_color_gradient_end=\u00bbrgba(0,0,0,0.2)\u00bb background_color_gradient_overlays_image=\u00bbon\u00bb background_image=\u00bbhttp:\/\/vivocoliving.com\/wp-content\/uploads\/2020\/10\/Untitled-design-23.jpg\u00bb custom_margin=\u00bb|||\u00bb custom_padding=\u00bb10%|0px|10%|0px|true|\u00bb][et_pb_row _builder_version=\u00bb4.6.6&#8243; _module_preset=\u00bbdefault\u00bb][et_pb_column type=\u00bb4_4&#8243; _builder_version=\u00bb4.6.6&#8243; _module_preset=\u00bbdefault\u00bb][et_pb_text _builder_version=\u00bb4.7.7&#8243; text_font=\u00bbPoppins||||||||\u00bb text_text_color=\u00bbrgba(255,255,255,0.7)\u00bb text_font_size=\u00bb18px\u00bb text_line_height=\u00bb1.8em\u00bb link_font=\u00bb||||on|||rgba(253,180,103,0.5)|dotted\u00bb link_text_color=\u00bbrgba(255,255,255,0.7)\u00bb ul_font=\u00bb||||||||\u00bb header_font=\u00bb||||||||\u00bb header_2_font=\u00bb||||||||\u00bb header_3_font=\u00bb|300|||||||\u00bb header_3_text_color=\u00bb#ffffff\u00bb header_3_font_size=\u00bb30px\u00bb text_orientation=\u00bbcenter\u00bb max_width=\u00bb800px\u00bb module_alignment=\u00bbcenter\u00bb custom_margin=\u00bb0px||||false|false\u00bb custom_padding=\u00bb|||\u00bb animation_style=\u00bbfade\u00bb locked=\u00bboff\u00bb]<\/p>\n<h3>POL\u00cdTICA DE PRIVACIDAD<\/h3>\n<p>[\/et_pb_text][\/et_pb_column][\/et_pb_row][\/et_pb_section][et_pb_section fb_built=\u00bb1&#8243; _builder_version=\u00bb3.22&#8243;][et_pb_row _builder_version=\u00bb3.25&#8243; background_size=\u00bbinitial\u00bb background_position=\u00bbtop_left\u00bb background_repeat=\u00bbrepeat\u00bb][et_pb_column type=\u00bb4_4&#8243; _builder_version=\u00bb3.25&#8243; custom_padding=\u00bb|||\u00bb custom_padding__hover=\u00bb|||\u00bb][et_pb_text _builder_version=\u00bb4.7.7&#8243; background_size=\u00bbinitial\u00bb background_position=\u00bbtop_left\u00bb background_repeat=\u00bbrepeat\u00bb]<\/p>\n<p class=\"cli_pg_page_contaner\"><strong>POL\u00cdTICA DE PRIVACIDAD<\/strong><\/p>\n<p class=\"cli_pg_page_contaner\"><strong><\/strong><\/p>\n<p class=\"cli_pg_page_contaner\"><strong><\/strong>Esta es la Pol\u00edtica de Privacidad de VIVO Coliving, accesible desde www.vivocoliving.com.<\/p>\n<p><strong><\/strong><\/p>\n<p><strong>Responsable \u2013 \u00bfqui\u00e9n es el responsable del tratamiento de los datos?<\/strong><\/p>\n<p>Identidad:\u00a0Kista Consulting SL<br \/> Domicilio social:\u00a0Calle de Jose Maria Perez 3 &#8211; PTL 2 PISO 1 A, Getafe, 28902 , Madrid<br \/> CIF:\u00a0B87771655<br \/> Correo Electr\u00f3nico:\u00a0<a href=\"mailto:info@vivocoliving.com\">info@vivocoliving.com<\/a><br \/> Nombre del dominio:\u00a0<a href=\"http:\/\/www.vivocoliving.com\">www.vivocoliving.com<\/a><\/p>\n<p>&nbsp;<\/p>\n<p><strong>Finalidades \u2013 \u00bfcon qu\u00e9 finalidades tratamos tus datos?<\/strong><\/p>\n<p>En cumplimiento de lo dispuesto en el Reglamento Europeo 2016\/679 General de Protecci\u00f3n de Datos, te informamos de que trataremos los datos que nos facilitas para:<\/p>\n<ul>\n<li>Gestionar la contrataci\u00f3n de servicios que realice a trav\u00e9s de la Plataforma, as\u00ed como la facturaci\u00f3n y entrega correspondiente.<\/li>\n<li class=\"ng-binding\">Remitir peri\u00f3dicamente comunicaciones sobre servicios, eventos y noticias relacionadas con las actividades desarrolladas por Kista Consulting SL, por cualquier medio (tel\u00e9fono, correo postal o email), salvo que se indique lo contrario o el usuario se oponga o revoque su consentimiento.<\/li>\n<li>Remitir informaci\u00f3n comercial y \/ o promocional relacionada con el sector de servicios contratados y valor a\u00f1adido para usuarios finales, salvo que se indique lo contrario o el usuario se oponga o revoque su consentimiento.<\/li>\n<li>Dar cumplimiento a las obligaciones legalmente establecidas, as\u00ed como verificar el cumplimiento de las obligaciones contractuales, inclu\u00eda la prevenci\u00f3n de fraude.<\/li>\n<li>Cesi\u00f3n de datos a organismos y autoridades, siempre y cuando sean requeridos de conformidad con las disposiciones legales y reglamentarias.<\/li>\n<\/ul>\n<p><strong><\/strong><\/p>\n<p><strong>Categor\u00edas de datos \u2013 \u00bfQu\u00e9 datos tratamos?<\/strong><\/p>\n<p>Derivada de las finalidades antes mencionadas, en Kista Consulting SL gestionamos las siguientes categor\u00edas de datos:<\/p>\n<ul>\n<li>Datos identificativos<\/li>\n<li>Metadatos de comunicaciones electr\u00f3nicas<\/li>\n<li class=\"ng-binding\">Datos de informaci\u00f3n comercial. En caso de que el usuario facilite datos de terceros, manifiesta contar con el consentimiento de estos y se compromete a trasladarle la informaci\u00f3n contenida en esta cl\u00e1usula, eximiendo a Kista Consulting SL de cualquier responsabilidad en este sentido.<\/li>\n<li class=\"ng-binding\">No obstante, Kista Consulting SL podr\u00e1 llevar a cabo las verificaciones para constatar este hecho, adoptando las medidas de diligencia debida que correspondan, conforme a la normativa de protecci\u00f3n de datos.<\/li>\n<\/ul>\n<p><strong><\/strong><\/p>\n<p><strong>Legitimaci\u00f3n \u2013 \u00bfcu\u00e1l es la legitimaci\u00f3n para el tratamiento de tus datos?<\/strong><\/p>\n<p>El tratamiento de datos cuyo fin es el env\u00edo de boletines de noticias (newsletters) sobre servicios, eventos y noticias relacionadas con nuestra actividad profesional se basa en el consentimiento del interesado, solicitado expresamente para llevar a cabo dichos tratamientos, de acuerdo con la normativa vigente.<br \/> Adem\u00e1s, la legitimaci\u00f3n para el tratamiento de los datos relacionados con ofertas o colaboraciones se basan en el consentimiento del usuario que remite sus datos, que puede retirar en cualquier momento, si bien ello puede afectar a la posible comunicaci\u00f3n de forma fluida y obstrucci\u00f3n de procesos que desea realizar.<br \/> Por \u00faltimo, los datos se podr\u00e1n utilizar para dar cumplimiento a las obligaciones legales aplicables a Kista Consulting SL<\/p>\n<p><strong><\/strong><\/p>\n<p><strong>Plazo de Conservaci\u00f3n de los Datos \u2013 \u00bfPor cu\u00e1nto tiempo conservaremos tus datos?<\/strong><\/p>\n<p>Kista Consulting SL conservar\u00e1 los datos personales de los usuarios \u00fanicamente durante el tiempo necesario para la realizaci\u00f3n de las finalidades para las que fueron recogidos, mientras no revoque los consentimientos otorgados. Posteriormente, en caso de ser necesario, mantendr\u00e1 la informaci\u00f3n bloqueada durante los plazos legalmente establecidos.<\/p>\n<p><strong style=\"font-size: 14px;\"><\/strong><\/p>\n<p><strong style=\"font-size: 14px;\">Destinatarios \u00bfA qu\u00e9 destinatarios se comunicar\u00e1n tus datos?<\/strong><\/p>\n<p>Tus datos podr\u00e1n ser accedidos por aquellos proveedores que prestan servicios a Kista Consulting SL, tales como servicios de alojamiento, herramientas de marketing y sistemas de contenido u otros profesionales, cuando dicha comunicaci\u00f3n sea necesaria normativamente, o para la ejecuci\u00f3n de los servicios contratados.<\/p>\n<p>Kista Consulting SL, ha suscrito los correspondientes contratos de encargo de tratamiento con cada uno de los proveedores que prestan servicios a Kista Consulting SL, con el objetivo de garantizar que dichos proveedores tratar\u00e1n tus datos de conformidad con lo establecido en la legislaci\u00f3n vigente.<\/p>\n<p>Tambi\u00e9n podr\u00e1n ser cedidos a las Fuerzas y Cuerpos de Seguridad del Estado en los casos que exista una obligaci\u00f3n legal.<\/p>\n<p>Bancos y entidades financieras, para el cobro de los servicios.<br \/> Administraciones p\u00fablicas con competencia en los sectores de actividad, cuando as\u00ed lo establezca la normativa vigente.<\/p>\n<p><strong><\/strong><\/p>\n<p><strong>Seguridad de la Informaci\u00f3n \u2013 \u00bfQu\u00e9 medidas de seguridad implantamos para cuidar sus datos?<\/strong><\/p>\n<p>Para proteger las diferentes tipolog\u00edas de datos reflejados en esta pol\u00edtica de privacidad llevar\u00e1 a cabo las medidas de seguridad t\u00e9cnicas necesarias para evitar su p\u00e9rdida, manipulaci\u00f3n, difusi\u00f3n o alteraci\u00f3n.<\/p>\n<ul>\n<li class=\"ng-binding\">Encriptaci\u00f3n de las comunicaciones entre el dispositivo del usuario y los servidores de Kista Consulting SL<\/li>\n<li class=\"ng-binding\">Encriptaci\u00f3n de la informaci\u00f3n en los propios servidores de Kista Consulting SL<\/li>\n<li>Otras medidas que eviten el acceso a los datos del usuario por parte de terceros.<\/li>\n<li class=\"ng-binding\">En aquellos casos en los que Kista Consulting SL cuente con prestadores de servicio para el mantenimiento de la plataforma que se encuentren fuera de la Uni\u00f3n Europea, estas trasferencias internacionales se hayan regularizadas atendiendo al compromiso de Kista Consulting SL con la protecci\u00f3n, integridad y seguridad de los datos personales de los usuarios.<\/li>\n<\/ul>\n<p><strong><\/strong><\/p>\n<p><strong>Derechos \u2013 \u00bfCu\u00e1les son tus derechos cuando nos facilitas tus datos y c\u00f3mo puedes ejercerlos?<\/strong><\/p>\n<p>Tienes derecho a obtener confirmaci\u00f3n sobre si en Kista Consulting SL estamos tratando datos personales que te conciernan, o no.<br \/> Asimismo, tienes derecho a acceder a tus datos personales, as\u00ed como a solicitar la rectificaci\u00f3n de los datos inexactos o, en su caso, solicitar su supresi\u00f3n cuando, entre otros motivos, los datos ya no sean necesarios para los fines que fueron recogidos.<\/p>\n<p>En determinadas circunstancias, podr\u00e1s solicitar la limitaci\u00f3n del tratamiento de tus datos, en cuyo caso \u00fanicamente los conservaremos para el ejercicio o la defensa de reclamaciones.<br \/> En determinadas circunstancias y por motivos relacionados con tu situaci\u00f3n particular, podr\u00e1s oponerte al tratamiento de tus datos. Kista Consulting SL dejar\u00e1 de tratar los datos, salvo por motivos leg\u00edtimos imperiosos, o el ejercicio o la defensa de posibles reclamaciones.<\/p>\n<p>Asimismo, puedes ejercer el derecho a la portabilidad de los datos, as\u00ed como retirar los consentimientos facilitados en cualquier momento, sin que ello afecte a la licitud del tratamiento basado en el consentimiento previo a su retirada.<\/p>\n<p>Si deseas hacer uso de cualquiera de tus derechos puede dirigirse a<span>\u00a0<\/span><a href=\"mailto:info@vivocoliving.com\" class=\"ng-binding\">info@vivocoliving.com<\/a>.<\/p>\n<p>Por \u00faltimo, te informamos que puedes dirigirte ante la Agencia Espa\u00f1ola de Protecci\u00f3n de Datos y dem\u00e1s organismos p\u00fablicos competentes para cualquier reclamaci\u00f3n derivada del tratamiento de tus datos personales.<\/p>\n<p><strong><\/strong><\/p>\n<p><strong>Modificaci\u00f3n de la pol\u00edtica de privacidad<\/strong><\/p>\n<p>Kista Consulting SL podr\u00e1 modificar la presente Pol\u00edtica de Privacidad en cualquier momento, siendo publicadas las sucesivas versiones en el Sitio Web. En cualquier caso, Kista Consulting SL comunicar\u00e1 con previo aviso las modificaciones de la presente pol\u00edtica que afecten a los usuarios a fin de que puedan aceptar las mismas.<\/p>\n<p>La presente Pol\u00edtica de Privacidad se encuentra actualizada a fecha 25\/03\/2021 Kista Consulting SL (Espa\u00f1a). Reservados todos los derechos.<\/p>\n<p>Si lo deseas tambi\u00e9n puedes consultar nuestra <a href=\"https:\/\/vivocoliving.com\/cookie-policy-eu\/\">Pol\u00edtica de Cookies.<\/a><\/p>\n<p>[\/et_pb_text][\/et_pb_column][\/et_pb_row][\/et_pb_section]<\/p>\n","protected":false},"excerpt":{"rendered":"<p>POL\u00cdTICA DE PRIVACIDADPOL\u00cdTICA DE PRIVACIDAD Esta es la Pol\u00edtica de Privacidad de VIVO Coliving, accesible desde www.vivocoliving.com. Responsable \u2013 \u00bfqui\u00e9n es el responsable del tratamiento de los datos? Identidad:\u00a0Kista Consulting SL Domicilio social:\u00a0Calle de Jose Maria Perez 3 &#8211; PTL 2 PISO 1 A, Getafe, 28902 , Madrid CIF:\u00a0B87771655 Correo Electr\u00f3nico:\u00a0info@vivocoliving.com Nombre del dominio:\u00a0www.vivocoliving.com &nbsp; [&hellip;]<\/p>\n","protected":false},"author":1,"featured_media":0,"parent":0,"menu_order":0,"comment_status":"closed","ping_status":"open","template":"","meta":{"_et_pb_use_builder":"on","_et_pb_old_content":"<!-- wp:heading -->\n<h2>Who we are<\/h2>\n<!-- \/wp:heading -->\n\n<!-- wp:paragraph -->\n<p>Our website address is: http:\/\/vivocoliving.com.<\/p>\n<!-- \/wp:paragraph -->\n\n<!-- wp:heading -->\n<h2>What personal data we collect and why we collect it<\/h2>\n<!-- \/wp:heading -->\n\n<!-- wp:heading {\"level\":3} -->\n<h3>Comments<\/h3>\n<!-- \/wp:heading -->\n\n<!-- wp:paragraph -->\n<p>When visitors leave comments on the site we collect the data shown in the comments form, and also the visitor\u2019s IP address and browser user agent string to help spam detection.<\/p>\n<!-- \/wp:paragraph -->\n\n<!-- wp:paragraph -->\n<p>An anonymized string created from your email address (also called a hash) may be provided to the Gravatar service to see if you are using it. The Gravatar service privacy policy is available here: https:\/\/automattic.com\/privacy\/. After approval of your comment, your profile picture is visible to the public in the context of your comment.<\/p>\n<!-- \/wp:paragraph -->\n\n<!-- wp:heading {\"level\":3} -->\n<h3>Media<\/h3>\n<!-- \/wp:heading -->\n\n<!-- wp:paragraph -->\n<p>If you upload images to the website, you should avoid uploading images with embedded location data (EXIF GPS) included. Visitors to the website can download and extract any location data from images on the website.<\/p>\n<!-- \/wp:paragraph -->\n\n<!-- wp:heading {\"level\":3} -->\n<h3>Contact forms<\/h3>\n<!-- \/wp:heading -->\n\n<!-- wp:heading {\"level\":3} -->\n<h3>Cookies<\/h3>\n<!-- \/wp:heading -->\n\n<!-- wp:paragraph -->\n<p>If you leave a comment on our site you may opt-in to saving your name, email address and website in cookies. These are for your convenience so that you do not have to fill in your details again when you leave another comment. These cookies will last for one year.<\/p>\n<!-- \/wp:paragraph -->\n\n<!-- wp:paragraph -->\n<p>If you visit our login page, we will set a temporary cookie to determine if your browser accepts cookies. This cookie contains no personal data and is discarded when you close your browser.<\/p>\n<!-- \/wp:paragraph -->\n\n<!-- wp:paragraph -->\n<p>When you log in, we will also set up several cookies to save your login information and your screen display choices. Login cookies last for two days, and screen options cookies last for a year. If you select \"Remember Me\", your login will persist for two weeks. If you log out of your account, the login cookies will be removed.<\/p>\n<!-- \/wp:paragraph -->\n\n<!-- wp:paragraph -->\n<p>If you edit or publish an article, an additional cookie will be saved in your browser. This cookie includes no personal data and simply indicates the post ID of the article you just edited. It expires after 1 day.<\/p>\n<!-- \/wp:paragraph -->\n\n<!-- wp:heading {\"level\":3} -->\n<h3>Embedded content from other websites<\/h3>\n<!-- \/wp:heading -->\n\n<!-- wp:paragraph -->\n<p>Articles on this site may include embedded content (e.g. videos, images, articles, etc.). Embedded content from other websites behaves in the exact same way as if the visitor has visited the other website.<\/p>\n<!-- \/wp:paragraph -->\n\n<!-- wp:paragraph -->\n<p>These websites may collect data about you, use cookies, embed additional third-party tracking, and monitor your interaction with that embedded content, including tracking your interaction with the embedded content if you have an account and are logged in to that website.<\/p>\n<!-- \/wp:paragraph -->\n\n<!-- wp:heading {\"level\":3} -->\n<h3>Analytics<\/h3>\n<!-- \/wp:heading -->\n\n<!-- wp:heading -->\n<h2>Who we share your data with<\/h2>\n<!-- \/wp:heading -->\n\n<!-- wp:heading -->\n<h2>How long we retain your data<\/h2>\n<!-- \/wp:heading -->\n\n<!-- wp:paragraph -->\n<p>If you leave a comment, the comment and its metadata are retained indefinitely. This is so we can recognize and approve any follow-up comments automatically instead of holding them in a moderation queue.<\/p>\n<!-- \/wp:paragraph -->\n\n<!-- wp:paragraph -->\n<p>For users that register on our website (if any), we also store the personal information they provide in their user profile. All users can see, edit, or delete their personal information at any time (except they cannot change their username). Website administrators can also see and edit that information.<\/p>\n<!-- \/wp:paragraph -->\n\n<!-- wp:heading -->\n<h2>What rights you have over your data<\/h2>\n<!-- \/wp:heading -->\n\n<!-- wp:paragraph -->\n<p>If you have an account on this site, or have left comments, you can request to receive an exported file of the personal data we hold about you, including any data you have provided to us. You can also request that we erase any personal data we hold about you. This does not include any data we are obliged to keep for administrative, legal, or security purposes.<\/p>\n<!-- \/wp:paragraph -->\n\n<!-- wp:heading -->\n<h2>Where we send your data<\/h2>\n<!-- \/wp:heading -->\n\n<!-- wp:paragraph -->\n<p>Visitor comments may be checked through an automated spam detection service.<\/p>\n<!-- \/wp:paragraph -->\n\n<!-- wp:heading -->\n<h2>Your contact information<\/h2>\n<!-- \/wp:heading -->\n\n<!-- wp:heading -->\n<h2>Additional information<\/h2>\n<!-- \/wp:heading -->\n\n<!-- wp:heading {\"level\":3} -->\n<h3>How we protect your data<\/h3>\n<!-- \/wp:heading -->\n\n<!-- wp:heading {\"level\":3} -->\n<h3>What data breach procedures we have in place<\/h3>\n<!-- \/wp:heading -->\n\n<!-- wp:heading {\"level\":3} -->\n<h3>What third parties we receive data from<\/h3>\n<!-- \/wp:heading -->\n\n<!-- wp:heading {\"level\":3} -->\n<h3>What automated decision making and\/or profiling we do with user data<\/h3>\n<!-- \/wp:heading -->\n\n<!-- wp:heading {\"level\":3} -->\n<h3>Industry regulatory disclosure requirements<\/h3>\n<!-- \/wp:heading -->","_et_gb_content_width":"","footnotes":""},"class_list":["post-3","page","type-page","status-publish","hentry"],"yoast_head":"<!-- This site is optimized with the Yoast SEO plugin v27.5 - https:\/\/yoast.com\/product\/yoast-seo-wordpress\/ -->\n<title>Privacy Policy - VIVO Coliving<\/title>\n<meta name=\"robots\" content=\"index, follow, max-snippet:-1, max-image-preview:large, max-video-preview:-1\" \/>\n<link rel=\"canonical\" href=\"https:\/\/vivocoliving.com\/en\/privacy-policy\/\" \/>\n<meta property=\"og:locale\" content=\"en_GB\" \/>\n<meta property=\"og:type\" content=\"article\" \/>\n<meta property=\"og:title\" content=\"Privacy Policy - VIVO Coliving\" \/>\n<meta property=\"og:description\" content=\"POL\u00cdTICA DE PRIVACIDADPOL\u00cdTICA DE PRIVACIDAD Esta es la Pol\u00edtica de Privacidad de VIVO Coliving, accesible desde www.vivocoliving.com. Responsable \u2013 \u00bfqui\u00e9n es el responsable del tratamiento de los datos? Identidad:\u00a0Kista Consulting SL Domicilio social:\u00a0Calle de Jose Maria Perez 3 - PTL 2 PISO 1 A, Getafe, 28902 , Madrid CIF:\u00a0B87771655 Correo Electr\u00f3nico:\u00a0info@vivocoliving.com Nombre del dominio:\u00a0www.vivocoliving.com &nbsp; [&hellip;]\" \/>\n<meta property=\"og:url\" content=\"https:\/\/vivocoliving.com\/en\/privacy-policy\/\" \/>\n<meta property=\"og:site_name\" content=\"VIVO Coliving\" \/>\n<meta property=\"article:modified_time\" content=\"2021-04-13T20:27:37+00:00\" \/>\n<meta name=\"twitter:card\" content=\"summary_large_image\" \/>\n<meta name=\"twitter:label1\" content=\"Estimated reading time\" \/>\n\t<meta name=\"twitter:data1\" content=\"7 minutes\" \/>\n<script type=\"application\/ld+json\" class=\"yoast-schema-graph\">{\"@context\":\"https:\\\/\\\/schema.org\",\"@graph\":[{\"@type\":\"WebPage\",\"@id\":\"https:\\\/\\\/vivocoliving.com\\\/privacy-policy\\\/\",\"url\":\"https:\\\/\\\/vivocoliving.com\\\/privacy-policy\\\/\",\"name\":\"Privacy Policy - VIVO Coliving\",\"isPartOf\":{\"@id\":\"https:\\\/\\\/vivocoliving.com\\\/#website\"},\"datePublished\":\"2020-10-15T10:20:30+00:00\",\"dateModified\":\"2021-04-13T20:27:37+00:00\",\"breadcrumb\":{\"@id\":\"https:\\\/\\\/vivocoliving.com\\\/privacy-policy\\\/#breadcrumb\"},\"inLanguage\":\"en-GB\",\"potentialAction\":[{\"@type\":\"ReadAction\",\"target\":[\"https:\\\/\\\/vivocoliving.com\\\/privacy-policy\\\/\"]}]},{\"@type\":\"BreadcrumbList\",\"@id\":\"https:\\\/\\\/vivocoliving.com\\\/privacy-policy\\\/#breadcrumb\",\"itemListElement\":[{\"@type\":\"ListItem\",\"position\":1,\"name\":\"Home\",\"item\":\"https:\\\/\\\/vivocoliving.com\\\/\"},{\"@type\":\"ListItem\",\"position\":2,\"name\":\"Privacy Policy\"}]},{\"@type\":\"WebSite\",\"@id\":\"https:\\\/\\\/vivocoliving.com\\\/#website\",\"url\":\"https:\\\/\\\/vivocoliving.com\\\/\",\"name\":\"VIVO Coliving\",\"description\":\"Apartamentos coliving privados y compartidos en Getafe\",\"publisher\":{\"@id\":\"https:\\\/\\\/vivocoliving.com\\\/#organization\"},\"potentialAction\":[{\"@type\":\"SearchAction\",\"target\":{\"@type\":\"EntryPoint\",\"urlTemplate\":\"https:\\\/\\\/vivocoliving.com\\\/?s={search_term_string}\"},\"query-input\":{\"@type\":\"PropertyValueSpecification\",\"valueRequired\":true,\"valueName\":\"search_term_string\"}}],\"inLanguage\":\"en-GB\"},{\"@type\":\"Organization\",\"@id\":\"https:\\\/\\\/vivocoliving.com\\\/#organization\",\"name\":\"VIVO Coliving\",\"url\":\"https:\\\/\\\/vivocoliving.com\\\/\",\"logo\":{\"@type\":\"ImageObject\",\"inLanguage\":\"en-GB\",\"@id\":\"https:\\\/\\\/vivocoliving.com\\\/#\\\/schema\\\/logo\\\/image\\\/\",\"url\":\"https:\\\/\\\/vivocoliving.com\\\/wp-content\\\/uploads\\\/2020\\\/10\\\/Vivo-Black-Logo.png\",\"contentUrl\":\"https:\\\/\\\/vivocoliving.com\\\/wp-content\\\/uploads\\\/2020\\\/10\\\/Vivo-Black-Logo.png\",\"width\":944,\"height\":474,\"caption\":\"VIVO Coliving\"},\"image\":{\"@id\":\"https:\\\/\\\/vivocoliving.com\\\/#\\\/schema\\\/logo\\\/image\\\/\"}}]}<\/script>\n<!-- \/ Yoast SEO plugin. -->","yoast_head_json":{"title":"Privacy Policy - VIVO Coliving","robots":{"index":"index","follow":"follow","max-snippet":"max-snippet:-1","max-image-preview":"max-image-preview:large","max-video-preview":"max-video-preview:-1"},"canonical":"https:\/\/vivocoliving.com\/en\/privacy-policy\/","og_locale":"en_GB","og_type":"article","og_title":"Privacy Policy - VIVO Coliving","og_description":"POL\u00cdTICA DE PRIVACIDADPOL\u00cdTICA DE PRIVACIDAD Esta es la Pol\u00edtica de Privacidad de VIVO Coliving, accesible desde www.vivocoliving.com. Responsable \u2013 \u00bfqui\u00e9n es el responsable del tratamiento de los datos? Identidad:\u00a0Kista Consulting SL Domicilio social:\u00a0Calle de Jose Maria Perez 3 - PTL 2 PISO 1 A, Getafe, 28902 , Madrid CIF:\u00a0B87771655 Correo Electr\u00f3nico:\u00a0info@vivocoliving.com Nombre del dominio:\u00a0www.vivocoliving.com &nbsp; [&hellip;]","og_url":"https:\/\/vivocoliving.com\/en\/privacy-policy\/","og_site_name":"VIVO Coliving","article_modified_time":"2021-04-13T20:27:37+00:00","twitter_card":"summary_large_image","twitter_misc":{"Estimated reading time":"7 minutes"},"schema":{"@context":"https:\/\/schema.org","@graph":[{"@type":"WebPage","@id":"https:\/\/vivocoliving.com\/privacy-policy\/","url":"https:\/\/vivocoliving.com\/privacy-policy\/","name":"Privacy Policy - VIVO Coliving","isPartOf":{"@id":"https:\/\/vivocoliving.com\/#website"},"datePublished":"2020-10-15T10:20:30+00:00","dateModified":"2021-04-13T20:27:37+00:00","breadcrumb":{"@id":"https:\/\/vivocoliving.com\/privacy-policy\/#breadcrumb"},"inLanguage":"en-GB","potentialAction":[{"@type":"ReadAction","target":["https:\/\/vivocoliving.com\/privacy-policy\/"]}]},{"@type":"BreadcrumbList","@id":"https:\/\/vivocoliving.com\/privacy-policy\/#breadcrumb","itemListElement":[{"@type":"ListItem","position":1,"name":"Home","item":"https:\/\/vivocoliving.com\/"},{"@type":"ListItem","position":2,"name":"Privacy Policy"}]},{"@type":"WebSite","@id":"https:\/\/vivocoliving.com\/#website","url":"https:\/\/vivocoliving.com\/","name":"VIVO Coliving","description":"Apartamentos coliving privados y compartidos en Getafe","publisher":{"@id":"https:\/\/vivocoliving.com\/#organization"},"potentialAction":[{"@type":"SearchAction","target":{"@type":"EntryPoint","urlTemplate":"https:\/\/vivocoliving.com\/?s={search_term_string}"},"query-input":{"@type":"PropertyValueSpecification","valueRequired":true,"valueName":"search_term_string"}}],"inLanguage":"en-GB"},{"@type":"Organization","@id":"https:\/\/vivocoliving.com\/#organization","name":"VIVO Coliving","url":"https:\/\/vivocoliving.com\/","logo":{"@type":"ImageObject","inLanguage":"en-GB","@id":"https:\/\/vivocoliving.com\/#\/schema\/logo\/image\/","url":"https:\/\/vivocoliving.com\/wp-content\/uploads\/2020\/10\/Vivo-Black-Logo.png","contentUrl":"https:\/\/vivocoliving.com\/wp-content\/uploads\/2020\/10\/Vivo-Black-Logo.png","width":944,"height":474,"caption":"VIVO Coliving"},"image":{"@id":"https:\/\/vivocoliving.com\/#\/schema\/logo\/image\/"}}]}},"_links":{"self":[{"href":"https:\/\/vivocoliving.com\/en\/wp-json\/wp\/v2\/pages\/3","targetHints":{"allow":["GET"]}}],"collection":[{"href":"https:\/\/vivocoliving.com\/en\/wp-json\/wp\/v2\/pages"}],"about":[{"href":"https:\/\/vivocoliving.com\/en\/wp-json\/wp\/v2\/types\/page"}],"author":[{"embeddable":true,"href":"https:\/\/vivocoliving.com\/en\/wp-json\/wp\/v2\/users\/1"}],"replies":[{"embeddable":true,"href":"https:\/\/vivocoliving.com\/en\/wp-json\/wp\/v2\/comments?post=3"}],"version-history":[{"count":14,"href":"https:\/\/vivocoliving.com\/en\/wp-json\/wp\/v2\/pages\/3\/revisions"}],"predecessor-version":[{"id":1768,"href":"https:\/\/vivocoliving.com\/en\/wp-json\/wp\/v2\/pages\/3\/revisions\/1768"}],"wp:attachment":[{"href":"https:\/\/vivocoliving.com\/en\/wp-json\/wp\/v2\/media?parent=3"}],"curies":[{"name":"wp","href":"https:\/\/api.w.org\/{rel}","templated":true}]}}